{"id":8021,"date":"2021-11-05T14:42:55","date_gmt":"2021-11-05T13:42:55","guid":{"rendered":"https:\/\/motion-poster.de\/?page_id=8021"},"modified":"2021-11-05T14:42:56","modified_gmt":"2021-11-05T13:42:56","slug":"datenschutzvereinbarungen-2","status":"publish","type":"page","link":"https:\/\/motion-poster.de\/?page_id=8021","title":{"rendered":"Datenschutzvereinbarungen"},"content":{"rendered":"<div id=\"modal-ready\">\n<p><strong>Datenschutzvereinbarungen<\/strong><\/p>\n\n\n\n<h3>Datenschutz<\/h3>\n\n\n\n<p>In dieser Datenschutzerkl\u00e4rung informieren wir Sie \u00fcber die Verarbeitung Ihrer personenbezogenen Daten.<\/p>\n\n\n\n<p>Sofern Sie Ihre Datenschutzeinstellungen \u00e4ndern m\u00f6chten (Einwilligungen erteilen oder bereits erteilte Einwilligungen widerrufen), klicken Sie&nbsp;<a target=\"_blank\" href=\"https:\/\/motion-poster.de\/?page_id=7400#\" rel=\"noreferrer noopener\">hier<\/a>&nbsp;um Ihre Einstellungen zu \u00e4ndern.<\/p>\n\n\n\n<h4>Verantwortlich<\/h4>\n\n\n\n<p>Radio Point of Sales GmbH, Wischhofstr. 1-3, 24148 Kiel, DE,&nbsp;<a href=\"mailto:info@radio-pos.de\">info@radio-pos.de<\/a>, +49 (0)431\/ 666 700<\/p>\n\n\n\n<h4>Server Log Files<\/h4>\n\n\n\n<p>Zum Zweck der \u00dcberwachung der technischen Funktion und zur Erh\u00f6hung der Betriebssicherheit unseres Webhosts werden Verbindungsdaten verarbeitet. Die Dauer der Verarbeitung ist auf 14 Tage beschr\u00e4nkt.<\/p>\n\n\n\n<p>Die Rechtsgrundlage f\u00fcr die Datenverarbeitung ist das berechtigte Interesse (unbedingte technische Notwendigkeit eines Server Log Files als grundlegende Datenbasis zur Fehleranalyse und f\u00fcr Sicherheitsma\u00dfnahmen im Rahmen des durch Ihren Aufruf ausdr\u00fccklich gew\u00fcnschten Dienstes \u201eWebsite\u201c) gem\u00e4\u00df Art. 6 Abs. 1 lit. f DSGVO.<\/p>\n\n\n\n<h4>Kontaktformular<\/h4>\n\n\n\n<p class=\"has-small-font-size\">Auf unserer Website besteht die M\u00f6glichkeit, durch ein Kontaktformular direkt mit uns in Kontakt zu treten. Nach Absenden des Kontaktformulars erfolgt eine Verarbeitung der von Ihnen eingegebenen personenbezogenen Daten durch den Verantwortlichen zum Zweck der Bearbeitung Ihrer Anfrage auf Grundlage der von Ihnen durch das Absenden des Formulars erteilten Einwilligung gem. Art. 6 Abs. 1 lit. a DSGVO bis auf Widerruf.<br>Es besteht keine gesetzliche oder vertragliche Verpflichtung zur Bereitstellung der personenbezogenen Daten. Die Nichtbereitstellung hat lediglich zur Folge, dass Sie Ihr Anliegen nicht \u00fcbermitteln und wir dieses nicht bearbeiten k\u00f6nnen.<\/p>\n\n\n\n<h4>Web-Schriften<\/h4>\n\n\n\n<h6>Google Fonts<\/h6>\n\n\n\n<p>Wir verarbeiten mit unserem Auftragsverarbeiter&nbsp;<a target=\"_blank\" href=\"https:\/\/fonts.google.com\/\" rel=\"noreferrer noopener\">Google Fonts<\/a>, Google Ireland Limited, Gordon House, Barrow Street, Dublin 4, Irland Verbindungsdaten und Browserdaten zum Zweck der Bereitstellung der vom Webbrowser zur Anzeige der Website ben\u00f6tigten Schriftarten. Diese Daten werden nur f\u00fcr die zur Auswahl und \u00dcbermittlung der Schriftarten ben\u00f6tigte Dauer verarbeitet.<\/p>\n\n\n\n<p>Die Rechtsgrundlage f\u00fcr die Datenverarbeitung ist das berechtigte Interesse (unbedingte technische Notwendigkeit zur Bereitstellung und Auslieferung des von Ihnen durch Ihren Aufruf ausdr\u00fccklich gew\u00fcnschten Dienstes \u201eWebsite\u201c) gem\u00e4\u00df Art. 6 Abs. 1 lit. f DSGVO.<\/p>\n\n\n\n<p>Soweit durch Google Fonts eine weitergehende eigenst\u00e4ndige Verarbeitung der Daten erfolgt, ist Google daf\u00fcr alleinige Verantwortliche. Details finden Sie in der&nbsp;<a target=\"_blank\" href=\"https:\/\/policies.google.com\/privacy?gl=AT&amp;hl=de#intro\" rel=\"noreferrer noopener\">Datenschutzerkl\u00e4rung<\/a>&nbsp;und in den&nbsp;<a target=\"_blank\" href=\"https:\/\/developers.google.com\/fonts\/faq\" rel=\"noreferrer noopener\">FAQ<\/a>&nbsp;von Google Fonts.<\/p>\n\n\n\n<h6>Font Awesome<\/h6>\n\n\n\n<p>Wir verarbeiten mit unserem Auftragsverarbeiter&nbsp;<a target=\"_blank\" href=\"https:\/\/fontawesome.com\/\" rel=\"noreferrer noopener\">Fontawesome<\/a>, Fonticons, Inc., 6 Porter Road, Apartment 3R, Cambridge, MA 02140, USA, Verbindungsdaten und Browserdaten zum Zweck der Bereitstellung der vom Webbrowser zur Anzeige der Website ben\u00f6tigten Schriftarten. Diese Daten werden nur f\u00fcr die zur Auswahl und \u00dcbermittlung der Schriftarten ben\u00f6tigte Dauer verarbeitet.<\/p>\n\n\n\n<p>Die Rechtsgrundlage f\u00fcr die Datenverarbeitung ist das berechtigte Interesse (unbedingte technische Notwendigkeit zur Bereitstellung und Auslieferung des von Ihnen durch Ihren Aufruf ausdr\u00fccklich gew\u00fcnschten Dienstes \u201eWebsite\u201c) gem\u00e4\u00df Art. 6 Abs. 1 lit. f DSGVO.<\/p>\n\n\n\n<p>Soweit durch Fontawesome eine weitergehende eigenst\u00e4ndige Verarbeitung der Daten erfolgt, ist Fontawesome daf\u00fcr alleinige Verantwortliche. Details finden Sie in der&nbsp;<a target=\"_blank\" href=\"https:\/\/fontawesome.com\/privacy\" rel=\"noreferrer noopener\">Datenschutzerkl\u00e4rung<\/a>&nbsp;von Fontawesome.<\/p>\n\n\n\n<h4>Widerspruchsrecht<\/h4>\n\n\n\n<p>Sofern die Verarbeitung Ihrer personenbezogenen Daten auf Grundlage des berechtigten Interesses erfolgt, haben Sie das Recht gegen diese Verarbeitung zu widersprechen.<\/p>\n\n\n\n<p>Sofern keine zwingenden schutzw\u00fcrdigen Gr\u00fcnde f\u00fcr die Verarbeitung unsererseits vorliegen, wird die Verarbeitung Ihrer Daten auf Basis dieser Rechtsgrundlage eingestellt.<\/p>\n\n\n\n<p>Zudem haben Sie das Recht, der Verarbeitung Ihrer personenbezogenen Daten zum Zweck der Direktwerbung zu widersprechen. Im Fall des Widerspruchs werden Ihre personenbezogenen Daten nicht mehr zum Zweck der Direktwerbung verarbeitet.<\/p>\n\n\n\n<p>Die Rechtm\u00e4\u00dfigkeit der bis zum Widerspruch verarbeiteten Daten wird durch den Widerspruch nicht ber\u00fchrt.<\/p>\n\n\n\n<h4>Widerrufsrecht<\/h4>\n\n\n\n<p>Sie haben das Recht eine bereits erteilte Einwilligung jederzeit zu widerrufen, indem Sie die&nbsp;<a target=\"_blank\" href=\"https:\/\/motion-poster.de\/?page_id=7400#\" rel=\"noreferrer noopener\">Datenschutzeinstellungen<\/a>&nbsp;\u00e4ndern.<\/p>\n\n\n\n<p>Im Fall der Einwilligung in den Erhalt elektronischer Werbung kann der Widerruf Ihrer Einwilligung durch Klick auf den Abmeldelink erfolgen. In diesem Fall wird eine Verarbeitung, sofern keine andere Rechtsgrundlage besteht, eingestellt.<\/p>\n\n\n\n<p>Die Rechtm\u00e4\u00dfigkeit der bis zum Widerruf verarbeiteten Daten wird durch den Widerruf nicht ber\u00fchrt.<\/p>\n\n\n\n<h4>Betroffenenrechte<\/h4>\n\n\n\n<p>Sie haben zudem das Recht auf Auskunft, Berichtigung, L\u00f6schung und Einschr\u00e4nkung der Verarbeitung der personenbezogenen Daten.<\/p>\n\n\n\n<p>Soweit die Rechtsgrundlage der Verarbeitung Ihrer personenbezogenen Daten in Ihrer Einwilligung oder in einem mit Ihnen abgeschlossenen Vertrag besteht, haben Sie \u00fcberdies das Recht auf Daten\u00fcbertragbarkeit.<\/p>\n\n\n\n<p>Weiters haben Sie das Recht auf Beschwerde bei der Aufsichtsbeh\u00f6rde. N\u00e4here Informationen zu den Aufsichtsbeh\u00f6rden in der Europ\u00e4ischen Union finden Sie&nbsp;<a target=\"_blank\" href=\"https:\/\/ec.europa.eu\/justice\/article-29\/structure\/data-protection-authorities\/index_en.htm\" rel=\"noreferrer noopener\">hier<\/a>.<\/p>\n<\/div>","protected":false},"excerpt":{"rendered":"<p>Datenschutzvereinbarungen Datenschutz In dieser Datenschutzerkl\u00e4rung informieren wir Sie \u00fcber die Verarbeitung Ihrer personenbezogenen Daten. Sofern Sie Ihre Datenschutzeinstellungen \u00e4ndern m\u00f6chten (Einwilligungen erteilen oder bereits erteilte Einwilligungen widerrufen), klicken Sie&nbsp;hier&nbsp;um Ihre Einstellungen zu \u00e4ndern. Verantwortlich Radio Point of Sales GmbH, Wischhofstr. 1-3, 24148 Kiel, DE,&nbsp;info@radio-pos.de, +49 (0)431\/ 666 700 Server Log Files Zum Zweck der \u00dcberwachung<a class=\"read-more\" href=\"https:\/\/motion-poster.de\/?page_id=8021\">Continue reading <i class=\"fal fa-angle-right\"><\/i><\/a><\/p>\n","protected":false},"author":1,"featured_media":0,"parent":0,"menu_order":0,"comment_status":"closed","ping_status":"closed","template":"","meta":[],"_links":{"self":[{"href":"https:\/\/motion-poster.de\/index.php?rest_route=\/wp\/v2\/pages\/8021"}],"collection":[{"href":"https:\/\/motion-poster.de\/index.php?rest_route=\/wp\/v2\/pages"}],"about":[{"href":"https:\/\/motion-poster.de\/index.php?rest_route=\/wp\/v2\/types\/page"}],"author":[{"embeddable":true,"href":"https:\/\/motion-poster.de\/index.php?rest_route=\/wp\/v2\/users\/1"}],"replies":[{"embeddable":true,"href":"https:\/\/motion-poster.de\/index.php?rest_route=%2Fwp%2Fv2%2Fcomments&post=8021"}],"version-history":[{"count":2,"href":"https:\/\/motion-poster.de\/index.php?rest_route=\/wp\/v2\/pages\/8021\/revisions"}],"predecessor-version":[{"id":8023,"href":"https:\/\/motion-poster.de\/index.php?rest_route=\/wp\/v2\/pages\/8021\/revisions\/8023"}],"wp:attachment":[{"href":"https:\/\/motion-poster.de\/index.php?rest_route=%2Fwp%2Fv2%2Fmedia&parent=8021"}],"curies":[{"name":"wp","href":"https:\/\/api.w.org\/{rel}","templated":true}]}}